{"id":121,"date":"2015-02-13T16:52:33","date_gmt":"2015-02-13T14:52:33","guid":{"rendered":"http:\/\/ggvzs2.de\/?page_id=121"},"modified":"2015-02-17T09:29:10","modified_gmt":"2015-02-17T07:29:10","slug":"schwarzes-brett","status":"publish","type":"page","link":"https:\/\/ggvzs2.de\/?page_id=121","title":{"rendered":"Schwarzes Brett"},"content":{"rendered":"<p>Hier findet ihr Informationen zu den einzelnen Rubriken. \u00dcber die &#8220;Kommentarfunktion&#8221; k\u00f6nnt ihr euch absprechen und Termine planen. Zugang nur f\u00fcr Registrierte Benutzer und Vereinsmitglieder.<\/p>\n","protected":false},"excerpt":{"rendered":"<p>Hier findet ihr Informationen zu den einzelnen Rubriken. \u00dcber die &#8220;Kommentarfunktion&#8221; k\u00f6nnt ihr euch absprechen und Termine planen. Zugang nur f\u00fcr Registrierte Benutzer und Vereinsmitglieder.<\/p>\n","protected":false},"author":1,"featured_media":0,"parent":0,"menu_order":30,"comment_status":"closed","ping_status":"closed","template":"","meta":{"ngg_post_thumbnail":0,"footnotes":""},"class_list":["post-121","page","type-page","status-publish","hentry"],"_links":{"self":[{"href":"https:\/\/ggvzs2.de\/index.php?rest_route=\/wp\/v2\/pages\/121","targetHints":{"allow":["GET"]}}],"collection":[{"href":"https:\/\/ggvzs2.de\/index.php?rest_route=\/wp\/v2\/pages"}],"about":[{"href":"https:\/\/ggvzs2.de\/index.php?rest_route=\/wp\/v2\/types\/page"}],"author":[{"embeddable":true,"href":"https:\/\/ggvzs2.de\/index.php?rest_route=\/wp\/v2\/users\/1"}],"replies":[{"embeddable":true,"href":"https:\/\/ggvzs2.de\/index.php?rest_route=%2Fwp%2Fv2%2Fcomments&post=121"}],"version-history":[{"count":4,"href":"https:\/\/ggvzs2.de\/index.php?rest_route=\/wp\/v2\/pages\/121\/revisions"}],"predecessor-version":[{"id":182,"href":"https:\/\/ggvzs2.de\/index.php?rest_route=\/wp\/v2\/pages\/121\/revisions\/182"}],"wp:attachment":[{"href":"https:\/\/ggvzs2.de\/index.php?rest_route=%2Fwp%2Fv2%2Fmedia&parent=121"}],"curies":[{"name":"wp","href":"https:\/\/api.w.org\/{rel}","templated":true}]}}